{"id":27237,"date":"2025-09-04T17:26:39","date_gmt":"2025-09-04T17:26:39","guid":{"rendered":"https:\/\/las-noticias.com.mx\/?page_id=27237"},"modified":"2025-09-04T17:29:03","modified_gmt":"2025-09-04T17:29:03","slug":"quienes-somos","status":"publish","type":"page","link":"https:\/\/las-noticias.com.mx\/index.php\/quienes-somos\/","title":{"rendered":"\u00bfQui\u00e9nes Somos?"},"content":{"rendered":"\t\t<div data-elementor-type=\"wp-page\" data-elementor-id=\"27237\" class=\"elementor elementor-27237\">\n\t\t\t\t<div class=\"elementor-element elementor-element-e17130c e-flex e-con-boxed cmsmasters-block-default e-con e-parent\" data-id=\"e17130c\" data-element_type=\"container\">\n\t\t\t\t\t<div class=\"e-con-inner\">\n\t\t<div class=\"elementor-element elementor-element-d1ca39a e-con-full e-flex cmsmasters-block-default e-con e-child\" data-id=\"d1ca39a\" data-element_type=\"container\">\n\t\t\t\t<div class=\"elementor-element elementor-element-74183bb cmsmasters-block-default cmsmasters-sticky-default elementor-widget elementor-widget-heading\" data-id=\"74183bb\" data-element_type=\"widget\" data-widget_type=\"heading.default\">\n\t\t\t\t<div class=\"elementor-widget-container\">\n\t\t\t\t\t<h2 class=\"elementor-heading-title elementor-size-default\">\u00bfQui\u00e9nes Somos?<\/h2>\t\t\t\t<\/div>\n\t\t\t\t<\/div>\n\t\t\t\t<div class=\"elementor-element elementor-element-0bc7407 cmsmasters-block-default cmsmasters-sticky-default elementor-widget elementor-widget-text-editor\" data-id=\"0bc7407\" data-element_type=\"widget\" data-widget_type=\"text-editor.default\">\n\t\t\t\t<div class=\"elementor-widget-container\">\n\t\t\t\t\t\t\t\t\t<p>Las-noticias.com.mx ofrece informaci\u00f3n imparcial, an\u00e1lisis reflexivo y una mirada moderada sobre los temas que importan.<br \/><strong>Formamos parte de Medios Digitales Nacionales<\/strong>, una red que valora la experiencia, la verdad y el equilibrio.<\/p>\t\t\t\t\t\t\t\t<\/div>\n\t\t\t\t<\/div>\n\t\t\t\t<\/div>\n\t\t<div class=\"elementor-element elementor-element-8e43657 e-con-full e-flex cmsmasters-block-default e-con e-child\" data-id=\"8e43657\" data-element_type=\"container\">\n\t\t\t\t<div class=\"elementor-element elementor-element-3a34859 cmsmasters-block-default cmsmasters-sticky-default elementor-widget elementor-widget-image\" data-id=\"3a34859\" data-element_type=\"widget\" data-widget_type=\"image.default\">\n\t\t\t\t<div class=\"elementor-widget-container\">\n\t\t\t\t\t\t\t\t\t\t\t\t\t\t\t<img fetchpriority=\"high\" decoding=\"async\" width=\"500\" height=\"500\" src=\"https:\/\/las-noticias.com.mx\/wp-content\/uploads\/2025\/09\/las-noticias-1.png\" class=\"attachment-large size-large wp-image-27240\" alt=\"\" srcset=\"https:\/\/las-noticias.com.mx\/wp-content\/uploads\/2025\/09\/las-noticias-1.png 500w, https:\/\/las-noticias.com.mx\/wp-content\/uploads\/2025\/09\/las-noticias-1-300x300.png 300w, https:\/\/las-noticias.com.mx\/wp-content\/uploads\/2025\/09\/las-noticias-1-150x150.png 150w, https:\/\/las-noticias.com.mx\/wp-content\/uploads\/2025\/09\/las-noticias-1-260x260.png 260w, https:\/\/las-noticias.com.mx\/wp-content\/uploads\/2025\/09\/las-noticias-1-100x100.png 100w\" sizes=\"(max-width: 500px) 100vw, 500px\" \/>\t\t\t\t\t\t\t\t\t\t\t\t\t\t\t<\/div>\n\t\t\t\t<\/div>\n\t\t\t\t<\/div>\n\t\t\t\t\t<\/div>\n\t\t\t\t<\/div>\n\t\t\t\t<\/div>\n\t\t","protected":false},"excerpt":{"rendered":"<p>\u00bfQui\u00e9nes Somos? Las-noticias.com.mx ofrece informaci\u00f3n imparcial, an\u00e1lisis reflexivo y una mirada moderada sobre los temas que importan.Formamos parte de Medios Digitales Nacionales, una red que valora la experiencia, la verdad y el equilibrio.<\/p>\n","protected":false},"author":1,"featured_media":0,"parent":0,"menu_order":0,"comment_status":"closed","ping_status":"closed","template":"","meta":{"_acf_changed":false,"pmpro_default_level":"","footnotes":""},"class_list":["post-27237","page","type-page","status-publish","hentry","pmpro-has-access"],"acf":[],"_links":{"self":[{"href":"https:\/\/las-noticias.com.mx\/index.php\/wp-json\/wp\/v2\/pages\/27237","targetHints":{"allow":["GET"]}}],"collection":[{"href":"https:\/\/las-noticias.com.mx\/index.php\/wp-json\/wp\/v2\/pages"}],"about":[{"href":"https:\/\/las-noticias.com.mx\/index.php\/wp-json\/wp\/v2\/types\/page"}],"author":[{"embeddable":true,"href":"https:\/\/las-noticias.com.mx\/index.php\/wp-json\/wp\/v2\/users\/1"}],"replies":[{"embeddable":true,"href":"https:\/\/las-noticias.com.mx\/index.php\/wp-json\/wp\/v2\/comments?post=27237"}],"version-history":[{"count":4,"href":"https:\/\/las-noticias.com.mx\/index.php\/wp-json\/wp\/v2\/pages\/27237\/revisions"}],"predecessor-version":[{"id":27243,"href":"https:\/\/las-noticias.com.mx\/index.php\/wp-json\/wp\/v2\/pages\/27237\/revisions\/27243"}],"wp:attachment":[{"href":"https:\/\/las-noticias.com.mx\/index.php\/wp-json\/wp\/v2\/media?parent=27237"}],"curies":[{"name":"wp","href":"https:\/\/api.w.org\/{rel}","templated":true}]}}